{"id":14,"date":"2022-01-28T10:33:09","date_gmt":"2022-01-28T10:33:09","guid":{"rendered":"https:\/\/detectivi-botosani.ro\/?page_id=14"},"modified":"2022-01-31T13:36:17","modified_gmt":"2022-01-31T13:36:17","slug":"servicii","status":"publish","type":"page","link":"https:\/\/detectivi-botosani.ro\/index.php\/servicii\/","title":{"rendered":"Servicii"},"content":{"rendered":"<div class=\"fl-builder-content fl-builder-content-14\" data-post-id=\"14\"><div class=\"fl-row fl-row-fixed-width fl-row-bg-none fl-node-a5mfn1cehjxk\" data-node=\"a5mfn1cehjxk\">\n\t<div class=\"fl-row-content-wrap\">\n\t\t\t\t\t\t<div class=\"fl-row-content fl-row-fixed-width fl-node-content\">\n\t\t\n<div class=\"fl-col-group fl-node-douk52f9l0i1\" data-node=\"douk52f9l0i1\">\n\t\t\t<div class=\"fl-col fl-node-pvxrmoeb28ad\" data-node=\"pvxrmoeb28ad\">\n\t<div class=\"fl-col-content fl-node-content\">\n\t<div class=\"fl-module fl-module-rich-text fl-node-cibety81m9nx\" data-node=\"cibety81m9nx\">\n\t<div class=\"fl-module-content fl-node-content\">\n\t\t<div class=\"fl-rich-text\">\n\t<ul>\n<li>Investigatii privind conduita si moralitatea publica a unei persoane.<\/li>\n<li>Investigatii economice<\/li>\n<li>Investigatii conjugale<\/li>\n<li>Date privind solvabilitatea si seriozitatea unei persoane fizice sau juridice potentiala partenera \u00eentr-o afacere;<\/li>\n<li>Detectivii cauta probe si contraprobe necesare \u00een procese;<\/li>\n<li>Cautarea si identificarea unor martori participanti la evenimente aflate \u00een litigiu;<\/li>\n<li>Alte activitati de investigatii necesare aparatorilor \u00een procese;<\/li>\n<li>Investigatii persoane disparute;<\/li>\n<li>Informatii pre si post matrimoniale;<\/li>\n<li>Cauzele absenteismului conjugal, al tradarii ori comportamentului duplicitar;<\/li>\n<li>Consumul de droguri si protejarea tinerilor;<\/li>\n<li>Verificarea si supravegherea persoanelor din anturajul minorilor;<\/li>\n<li>Obtinerea de probe ori informatii \u00een format audio si foto-video;<\/li>\n<li>Identificarea de persoane dupa adresa de domiciliu, numarul de telefon (mobil, fix), CNP sau numarul de \u00eenmatriculare al autoturismului;<\/li>\n<li>Fraude \u00een domeniul comertului (cliensi rau platnici, retele de firme organizate pentru frauda etc.);<\/li>\n<li>Bunurile care fac obiectul unor litigii de natura civila sau penala, \u00eenstrainate \u00een scopul prejudicierii intereselor unor parti \u00een proces si activitati de recuperare a lor;<\/li>\n<li>Asigurarea protectiei \u00eempotriva scurgerii unor informatii din sfera vietii private sau a activitatii agentilor economici care doresc sa pastreze confidentialitatea acestora;<\/li>\n<li>Cautarea si obtinerea de probe si contraprobe necesare \u00een rezolvarea unor litigii de natura civila sau penala;<\/li>\n<li>Identificarea persoanei care a scris un text, al carui autor este necunoscut ori contestat;<\/li>\n<li>Stabilirea contrafacerii voite a scrisului sau a semnaturii de catre o persoana;<\/li>\n<li>Constatarea falsului prin stersaturi sau adaugiri;<br \/>\nStabilirea conditiilor \u00een care a fost realizat un \u00eenscris: \u00een stare de ebrietate, \u00een situatia c\u00e2nd autorul este bolnav, la batr\u00e2nete, \u00een conditii incomode etc.;<\/li>\n<li>Autenticitatea sigiliilor sau a impresiunilor de stampile;<\/li>\n<li>Autenticitatea unor \u00eenscrisuri ori documente oficiale;<\/li>\n<li>Depistarea mijloacelor de ascultare, \u00eenregistrare audio-video \u00een incinta unor birouri, sali de conferinte, hoteluri, locuinte etc. ;<\/li>\n<li>Investigatii de specialitate \u00een sprijinul birourilor de resurse umane, \u00een sensul stabilirii loialitatii angajatilor ori efectuarea de verificari \u00een vederea angajarii, pentru stabilirea compatibilitatii cu cerintele postului;<\/li>\n<li>Studii si evaluari psihologice (inclusiv testari cu poligraful, pentru detectarea comportamentului simulat);<\/li>\n<li>Investigatii si supraveghere operativa (filaj) pentru depistarea si surprinderea sustragerilor materiale si intelectuale, ori pentru documentarea unor actiuni distructive;<\/li>\n<li>Verificarea si testarea modului \u00een care societatea de paza angajata \u00eesi realizeaza sarcinile specifice;<\/li>\n<li>Obtinerea si verificarea unor date cu privire la un agent economic care prezinta interes pentru \u00eencheierea si derularea afacerii;<\/li>\n<li>Consultanta de specialitate pentru gasirea cailor practice de reducere a riscului si de prevenire a evenimentelor nedorite;<\/li>\n<\/ul>\n<\/div>\n\t<\/div>\n<\/div>\n\t<\/div>\n<\/div>\n\t\t\t<div class=\"fl-col fl-node-k8ica43z15vr fl-col-small\" data-node=\"k8ica43z15vr\">\n\t<div class=\"fl-col-content fl-node-content\">\n\t<div class=\"fl-module fl-module-photo fl-node-2oqyrapjesvt\" data-node=\"2oqyrapjesvt\">\n\t<div class=\"fl-module-content fl-node-content\">\n\t\t<div class=\"fl-photo fl-photo-align-center\" itemscope itemtype=\"https:\/\/schema.org\/ImageObject\">\n\t<div class=\"fl-photo-content fl-photo-img-jpg\">\n\t\t\t\t<img loading=\"lazy\" decoding=\"async\" class=\"fl-photo-img wp-image-60 size-full\" src=\"https:\/\/detectivi-botosani.ro\/wp-content\/uploads\/2022\/01\/servicii-detectivi-botosani.jpg\" alt=\"servicii detectivi botosani\" itemprop=\"image\" height=\"733\" width=\"367\" title=\"servicii detectivi botosani\" srcset=\"https:\/\/detectivi-botosani.ro\/wp-content\/uploads\/2022\/01\/servicii-detectivi-botosani.jpg 367w, https:\/\/detectivi-botosani.ro\/wp-content\/uploads\/2022\/01\/servicii-detectivi-botosani-150x300.jpg 150w\" sizes=\"auto, (max-width: 367px) 100vw, 367px\" \/>\n\t\t\t\t\t<\/div>\n\t<\/div>\n\t<\/div>\n<\/div>\n\t<\/div>\n<\/div>\n\t<\/div>\n\t\t<\/div>\n\t<\/div>\n<\/div>\n<\/div>","protected":false},"excerpt":{"rendered":"<p>Investigatii privind conduita si moralitatea publica a unei persoane. Investigatii economice Investigatii conjugale Date privind solvabilitatea si seriozitatea unei persoane fizice sau juridice potentiala partenera \u00eentr-o afacere; Detectivii cauta probe si contraprobe necesare \u00een procese; Cautarea si identificarea unor martori participanti la evenimente aflate \u00een litigiu; Alte activitati de investigatii necesare aparatorilor \u00een procese; Investigatii&#8230; <\/p>\n","protected":false},"author":1,"featured_media":0,"parent":0,"menu_order":0,"comment_status":"closed","ping_status":"closed","template":"full-width.php","meta":{"footnotes":""},"class_list":["post-14","page","type-page","status-publish","hentry"],"_links":{"self":[{"href":"https:\/\/detectivi-botosani.ro\/index.php\/wp-json\/wp\/v2\/pages\/14","targetHints":{"allow":["GET"]}}],"collection":[{"href":"https:\/\/detectivi-botosani.ro\/index.php\/wp-json\/wp\/v2\/pages"}],"about":[{"href":"https:\/\/detectivi-botosani.ro\/index.php\/wp-json\/wp\/v2\/types\/page"}],"author":[{"embeddable":true,"href":"https:\/\/detectivi-botosani.ro\/index.php\/wp-json\/wp\/v2\/users\/1"}],"replies":[{"embeddable":true,"href":"https:\/\/detectivi-botosani.ro\/index.php\/wp-json\/wp\/v2\/comments?post=14"}],"version-history":[{"count":4,"href":"https:\/\/detectivi-botosani.ro\/index.php\/wp-json\/wp\/v2\/pages\/14\/revisions"}],"predecessor-version":[{"id":61,"href":"https:\/\/detectivi-botosani.ro\/index.php\/wp-json\/wp\/v2\/pages\/14\/revisions\/61"}],"wp:attachment":[{"href":"https:\/\/detectivi-botosani.ro\/index.php\/wp-json\/wp\/v2\/media?parent=14"}],"curies":[{"name":"wp","href":"https:\/\/api.w.org\/{rel}","templated":true}]}}